{"id":4651,"date":"2024-07-26T11:05:41","date_gmt":"2024-07-26T09:05:41","guid":{"rendered":"https:\/\/ethiopie.diplomatie.gov.bf\/?page_id=4651"},"modified":"2024-08-23T21:06:13","modified_gmt":"2024-08-23T19:06:13","slug":"informations","status":"publish","type":"page","link":"https:\/\/ethiopie.diplomatie.gov.bf\/index.php\/informations\/","title":{"rendered":"Informations"},"content":{"rendered":"\t\t<div data-elementor-type=\"wp-page\" data-elementor-id=\"4651\" class=\"elementor elementor-4651\" data-elementor-post-type=\"page\">\n\t\t\t\t<div data-particle_enable=\"false\" data-particle-mobile-disabled=\"false\" class=\"elementor-element elementor-element-74e3b7d e-flex e-con-boxed e-con e-parent\" data-id=\"74e3b7d\" data-element_type=\"container\" data-e-type=\"container\">\n\t\t\t\t\t<div class=\"e-con-inner\">\n\t\t\t\t<div class=\"elementor-element elementor-element-fa8b9c7 elementor-widget elementor-widget-text-editor\" data-id=\"fa8b9c7\" data-element_type=\"widget\" data-e-type=\"widget\" data-widget_type=\"text-editor.default\">\n\t\t\t\t<div class=\"elementor-widget-container\">\n\t\t\t\t\t\t\t\t\t<p>La Diaspora burkinab\u00e8 est principalement compos\u00e9e de fonctionnaires internationaux et de consultants install\u00e9s avec les membres de leurs familles dans les diff\u00e9rents pays de la juridiction. On d\u00e9nombre environ une vingtaine de burkinab\u00e8, notamment ceux vivant en Ethiopie et \u00e0 Djibouti, r\u00e9guli\u00e8rement inscrits dans les registres de l\u2019Ambassade.<\/p><p>Il n\u2019existe pas d\u2019association formelle de burkinab\u00e8 au sein de la juridiction. Ce qui n\u2019implique pas un manque d\u2019organisation de la communaut\u00e9 qui trouve cependant des cadres de rencontre. Concernant l\u2019Ethiopie, la communaut\u00e9 est organis\u00e9e autour du d\u00e9l\u00e9gu\u00e9 au Conseil Sup\u00e9rieur des Burkinab\u00e8 de l\u2019Ext\u00e9rieur (CSBE) et m\u00e8ne des activit\u00e9s en collaboration avec l\u2019Ambassade, Mission Permanente.<\/p>\t\t\t\t\t\t\t\t<\/div>\n\t\t\t\t<\/div>\n\t\t\t\t\t<\/div>\n\t\t\t\t<\/div>\n\t\t\t\t<\/div>\n\t\t","protected":false},"excerpt":{"rendered":"<p>La Diaspora burkinab\u00e8 est principalement compos\u00e9e de fonctionnaires internationaux et de consultants install\u00e9s avec les membres de leurs familles dans les diff\u00e9rents pays de la juridiction. On d\u00e9nombre environ une vingtaine de burkinab\u00e8, notamment ceux vivant en Ethiopie et \u00e0 Djibouti, r\u00e9guli\u00e8rement inscrits dans les registres de l\u2019Ambassade. Il n\u2019existe pas d\u2019association formelle de burkinab\u00e8 [&hellip;]<\/p>\n","protected":false},"author":9,"featured_media":0,"parent":0,"menu_order":0,"comment_status":"closed","ping_status":"closed","template":"elementor_header_footer","meta":{"_acf_changed":false,"_monsterinsights_skip_tracking":false,"_monsterinsights_sitenote_active":false,"_monsterinsights_sitenote_note":"","_monsterinsights_sitenote_category":0,"footnotes":""},"class_list":["post-4651","page","type-page","status-publish","hentry"],"acf":[],"_links":{"self":[{"href":"https:\/\/ethiopie.diplomatie.gov.bf\/index.php\/wp-json\/wp\/v2\/pages\/4651","targetHints":{"allow":["GET"]}}],"collection":[{"href":"https:\/\/ethiopie.diplomatie.gov.bf\/index.php\/wp-json\/wp\/v2\/pages"}],"about":[{"href":"https:\/\/ethiopie.diplomatie.gov.bf\/index.php\/wp-json\/wp\/v2\/types\/page"}],"author":[{"embeddable":true,"href":"https:\/\/ethiopie.diplomatie.gov.bf\/index.php\/wp-json\/wp\/v2\/users\/9"}],"replies":[{"embeddable":true,"href":"https:\/\/ethiopie.diplomatie.gov.bf\/index.php\/wp-json\/wp\/v2\/comments?post=4651"}],"version-history":[{"count":4,"href":"https:\/\/ethiopie.diplomatie.gov.bf\/index.php\/wp-json\/wp\/v2\/pages\/4651\/revisions"}],"predecessor-version":[{"id":4892,"href":"https:\/\/ethiopie.diplomatie.gov.bf\/index.php\/wp-json\/wp\/v2\/pages\/4651\/revisions\/4892"}],"wp:attachment":[{"href":"https:\/\/ethiopie.diplomatie.gov.bf\/index.php\/wp-json\/wp\/v2\/media?parent=4651"}],"curies":[{"name":"wp","href":"https:\/\/api.w.org\/{rel}","templated":true}]}}