{"id":4160,"date":"2024-06-27T14:03:34","date_gmt":"2024-06-27T12:03:34","guid":{"rendered":"https:\/\/ethiopie.diplomatie.gov.bf\/?page_id=4160"},"modified":"2024-10-05T14:11:15","modified_gmt":"2024-10-05T12:11:15","slug":"le-chef-de-poste","status":"publish","type":"page","link":"https:\/\/ethiopie.diplomatie.gov.bf\/index.php\/le-chef-de-poste\/","title":{"rendered":"Le chef de poste"},"content":{"rendered":"\t\t<div data-elementor-type=\"wp-page\" data-elementor-id=\"4160\" class=\"elementor elementor-4160\" data-elementor-post-type=\"page\">\n\t\t\t\t<div data-particle_enable=\"false\" data-particle-mobile-disabled=\"false\" class=\"elementor-element elementor-element-8ffad6f e-flex e-con-boxed e-con e-parent\" data-id=\"8ffad6f\" data-element_type=\"container\" data-e-type=\"container\">\n\t\t\t\t\t<div class=\"e-con-inner\">\n\t\t<div data-particle_enable=\"false\" data-particle-mobile-disabled=\"false\" class=\"elementor-element elementor-element-16c4fa1 e-con-full e-flex e-con e-child\" data-id=\"16c4fa1\" data-element_type=\"container\" data-e-type=\"container\">\n\t\t\t\t<div class=\"elementor-element elementor-element-b2e5f52 elementor-widget elementor-widget-theme-post-featured-image elementor-widget-image\" data-id=\"b2e5f52\" data-element_type=\"widget\" data-e-type=\"widget\" data-widget_type=\"theme-post-featured-image.default\">\n\t\t\t\t<div class=\"elementor-widget-container\">\n\t\t\t\t\t\t\t\t\t\t\t\t\t\t\t<img fetchpriority=\"high\" decoding=\"async\" width=\"225\" height=\"300\" src=\"https:\/\/ethiopie.diplomatie.gov.bf\/wp-content\/uploads\/sites\/5\/2024\/08\/PHOTO_1.jpg\" class=\"attachment-medium size-medium wp-image-4684\" alt=\"\" \/>\t\t\t\t\t\t\t\t\t\t\t\t\t\t\t<\/div>\n\t\t\t\t<\/div>\n\t\t\t\t<div class=\"elementor-element elementor-element-15fdefa elementor-widget elementor-widget-heading\" data-id=\"15fdefa\" data-element_type=\"widget\" data-e-type=\"widget\" data-widget_type=\"heading.default\">\n\t\t\t\t<div class=\"elementor-widget-container\">\n\t\t\t\t\t<h2 class=\"elementor-heading-title elementor-size-default\">SEM Sylvain Yamtiguimda YAMEOGO<\/h2>\t\t\t\t<\/div>\n\t\t\t\t<\/div>\n\t\t\t\t<div class=\"elementor-element elementor-element-46328d4 elementor-widget elementor-widget-heading\" data-id=\"46328d4\" data-element_type=\"widget\" data-e-type=\"widget\" data-widget_type=\"heading.default\">\n\t\t\t\t<div class=\"elementor-widget-container\">\n\t\t\t\t\t<h2 class=\"elementor-heading-title elementor-size-default\">Ambassadeur, Repr\u00e9sentant Permanent Adjoint, Charg\u00e9 d\u2019Affaires assurant l\u2019int\u00e9rim<\/h2>\t\t\t\t<\/div>\n\t\t\t\t<\/div>\n\t\t\t\t<\/div>\n\t\t\t\t<div class=\"elementor-element elementor-element-772061a eael-divider-center elementor-widget elementor-widget-eael-divider\" data-id=\"772061a\" data-element_type=\"widget\" data-e-type=\"widget\" data-widget_type=\"eael-divider.default\">\n\t\t\t\t<div class=\"elementor-widget-container\">\n\t\t\t\t\t\t\t<div class=\"eael-divider-wrap divider-direction-vertical\">\n\t\t\t\t\t\t\t<div class=\"divider-text-container\">\n\t\t\t\t\t<div class=\"divider-text-wrap\">\n\t\t\t\t\t\t\t\t\t\t\t\t\t<span class=\"divider-border-wrap divider-border-left\">\n\t\t\t\t\t\t\t\t<span class=\"divider-border\"><\/span>\n\t\t\t\t\t\t\t<\/span>\n\t\t\t\t\t\t\t\t\t\t\t\t<span class=\"eael-divider-content\">\n\t\t\t\t\t\t\t\t\t\t\t\t\t\t\t<span class=\"eael-divider-icon\">\n\t\t\t\t\t\t\t\t\t\t\t\t\t\t\t\t\t\t\t<svg aria-hidden=\"false\" class=\"e-font-icon-svg e-fas-star\" viewBox=\"0 0 576 512\" xmlns=\"http:\/\/www.w3.org\/2000\/svg\"><path d=\"M259.3 17.8L194 150.2 47.9 171.5c-26.2 3.8-36.7 36.1-17.7 54.6l105.7 103-25 145.5c-4.5 26.3 23.2 46 46.4 33.7L288 439.6l130.7 68.7c23.2 12.2 50.9-7.4 46.4-33.7l-25-145.5 105.7-103c19-18.5 8.5-50.8-17.7-54.6L382 150.2 316.7 17.8c-11.7-23.6-45.6-23.9-57.4 0z\"><\/path><\/svg>\t\t\t\t\t\t\t\t\t\t\t\t\t\t\t\t\t<\/span>\n\t\t\t\t\t\t\t\t\t\t\t\t\t<\/span>\n\t\t\t\t\t\t\t\t\t\t\t\t\t<span class=\"divider-border-wrap divider-border-right\">\n\t\t\t\t\t\t\t\t<span class=\"divider-border\"><\/span>\n\t\t\t\t\t\t\t<\/span>\n\t\t\t\t\t\t\t\t\t\t\t<\/div>\n\t\t\t\t<\/div>\n\t\t\t\t\t<\/div>\n\t\t\t\t<\/div>\n\t\t\t\t<\/div>\n\t\t<div data-particle_enable=\"false\" data-particle-mobile-disabled=\"false\" class=\"elementor-element elementor-element-9857bd3 e-con-full e-flex e-con e-child\" data-id=\"9857bd3\" data-element_type=\"container\" data-e-type=\"container\">\n\t\t\t\t<div class=\"elementor-element elementor-element-e682676 elementor-widget elementor-widget-text-editor\" data-id=\"e682676\" data-element_type=\"widget\" data-e-type=\"widget\" data-widget_type=\"text-editor.default\">\n\t\t\t\t<div class=\"elementor-widget-container\">\n\t\t\t\t\t\t\t\t\t<p><strong>Monsieur Sylvain Yamtiguimda YAMEOGO<\/strong> est diplomate de carri\u00e8re et Ambassadeur, Repr\u00e9sentant Permanent Adjoint, Charg\u00e9 d\u2019Affaires a.i de l\u2019<strong>Ambassade du Burkina Faso en R\u00e9publique F\u00e9d\u00e9rale D\u00e9mocratique d\u2019Ethiopie, Mission Permanente aupr\u00e8s de l\u2019Union Africaine (UA) et de la Commission Economique des Nations Unies pour l\u2019Afrique (CEA)<\/strong>.<\/p><p>En 2006, il int\u00e8gre le <strong>Minist\u00e8re en charge des Affaires Etrang\u00e8res<\/strong> apr\u00e8s avoir obtenu le dipl\u00f4me de l\u2019Ecole Nationale d\u2019Administration et de la Magistrature (ENAM), option diplomatie. Il a occup\u00e9 plusieurs fonctions \u00e0 l\u2019administration centrale et dans les missions diplomatiques du pays \u00e0 l\u2019ext\u00e9rieur.<\/p><p>Avant sa nomination au poste d\u2019Ambassadeur, Repr\u00e9sentant Permanent Adjoint, il a assum\u00e9 les fonctions de <strong>Directeur G\u00e9n\u00e9rale des Etudes et des Statistiques Sectorielles (DGESS) cumulativement avec celles de Responsable du programme \u00ab\u00a0Pilotage et soutien\u00a0\u00bb du Minist\u00e8re des Affaires Etrang\u00e8res de 2018 \u00e0 fin 2020.<\/strong><\/p><p>De 2017 \u00e0 2018, il a \u00e9t\u00e9 <strong>Directeur Afrique \u00e0 la Direction G\u00e9n\u00e9rale de la Coop\u00e9ration Bilat\u00e9rale<\/strong> au Minist\u00e8re en charge des Affaires Etrang\u00e8res. Au paravent, avant d\u2019entamer sa carri\u00e8re \u00e0 l\u2019ext\u00e9rieur, il a \u00e9t\u00e9 de Chef de Service des organisations Sous R\u00e9gionales \u00e0 la Direction G\u00e9n\u00e9rale de la Coop\u00e9ration multilat\u00e9rale de 2009 \u00e0 2011.<\/p><p>A l\u2019\u00e9tranger, il a exerc\u00e9 en qualit\u00e9 de <strong>Premier Conseiller puis de Deuxi\u00e8me Conseiller pr\u00e8s l\u2019Ambassade du Burkina Faso en R\u00e9publique F\u00e9d\u00e9rative du Br\u00e9sil de 2011 \u00e0 2016<\/strong>.<\/p><p>Il est titulaire d\u2019une <strong>maitrise en macro \u00e9conomie et Gestion du D\u00e9veloppement<\/strong> depuis 2006 de l\u2019Universit\u00e9 d\u2019Ouagadougou (actuelle Universit\u00e9 Joseph Ki-ZERBO), d\u2019un <strong>Dipl\u00f4me d\u2019Etudes sp\u00e9cialis\u00e9es en D\u00e9veloppement et en Gestion du D\u00e9veloppement<\/strong> et de plusieurs certificats dans le domaine de la diplomatie \u00e9conomique, du commerce international et des relations internationales.<\/p><p>Il a \u00e9t\u00e9 membre du <strong>Conseil d\u2019Administration de l\u2019Agence Burkinab\u00e8 pour l\u2019investissement repr\u00e9sentant le Minist\u00e8re des Affaires \u00e9trang\u00e8res de 2019 \u00e0 2020<\/strong>.<\/p><p>Dans le domaine associatif, il est le pr\u00e9sident de l\u2019Association \u00ab Initiatives Actions pour le D\u00e9veloppement en Afrique (IADA) \u00bb.<\/p><p>Il est auteur du Livre\u00a0: \u00ab Impact des investissements Directs Etrangers (IEDE) dans la croissance des pays les moins avanc\u00e9s (PMA) \u00bb.<\/p><p>Il est <strong>Chevalier de l\u2019Ordre du M\u00e9rite de l\u2019Administration et du travail avec Agrafe Diplomatie<\/strong>.<\/p>\t\t\t\t\t\t\t\t<\/div>\n\t\t\t\t<\/div>\n\t\t\t\t<\/div>\n\t\t\t\t<div class=\"elementor-element elementor-element-93243aa elementor-absolute elementor-widget elementor-widget-image\" data-id=\"93243aa\" data-element_type=\"widget\" data-e-type=\"widget\" data-settings=\"{&quot;_position&quot;:&quot;absolute&quot;}\" data-widget_type=\"image.default\">\n\t\t\t\t<div class=\"elementor-widget-container\">\n\t\t\t\t\t\t\t\t\t\t\t\t\t\t\t<img decoding=\"async\" width=\"657\" height=\"332\" src=\"https:\/\/ethiopie.diplomatie.gov.bf\/wp-content\/uploads\/sites\/5\/2023\/11\/h4_about_shape01.png\" class=\"attachment-full size-full wp-image-1347\" alt=\"\" \/>\t\t\t\t\t\t\t\t\t\t\t\t\t\t\t<\/div>\n\t\t\t\t<\/div>\n\t\t\t\t\t<\/div>\n\t\t\t\t<\/div>\n\t\t<div data-particle_enable=\"false\" data-particle-mobile-disabled=\"false\" class=\"elementor-element elementor-element-3767e2f elementor-hidden-desktop elementor-hidden-tablet elementor-hidden-mobile e-flex e-con-boxed e-con e-parent\" data-id=\"3767e2f\" data-element_type=\"container\" data-e-type=\"container\">\n\t\t\t\t\t<div class=\"e-con-inner\">\n\t\t\t\t<div class=\"elementor-element elementor-element-53387d1 elementor-widget-mobile__width-initial eael-divider-center elementor-widget elementor-widget-eael-divider\" data-id=\"53387d1\" data-element_type=\"widget\" data-e-type=\"widget\" data-widget_type=\"eael-divider.default\">\n\t\t\t\t<div class=\"elementor-widget-container\">\n\t\t\t\t\t\t\t<div class=\"eael-divider-wrap divider-direction-horizontal\">\n\t\t\t\t\t\t\t<div class=\"divider-text-container\">\n\t\t\t\t\t<div class=\"divider-text-wrap\">\n\t\t\t\t\t\t\t\t\t\t\t\t\t<span class=\"divider-border-wrap divider-border-left\">\n\t\t\t\t\t\t\t\t<span class=\"divider-border\"><\/span>\n\t\t\t\t\t\t\t<\/span>\n\t\t\t\t\t\t\t\t\t\t\t\t<span class=\"eael-divider-content\">\n\t\t\t\t\t\t\t<span class=\"eael-divider-text\">Mieux conna\u00eetre le chef de poste<\/span>\t\t\t\t\t\t<\/span>\n\t\t\t\t\t\t\t\t\t\t\t\t\t<span class=\"divider-border-wrap divider-border-right\">\n\t\t\t\t\t\t\t\t<span class=\"divider-border\"><\/span>\n\t\t\t\t\t\t\t<\/span>\n\t\t\t\t\t\t\t\t\t\t\t<\/div>\n\t\t\t\t<\/div>\n\t\t\t\t\t<\/div>\n\t\t\t\t<\/div>\n\t\t\t\t<\/div>\n\t\t<div data-particle_enable=\"false\" data-particle-mobile-disabled=\"false\" class=\"elementor-element elementor-element-73f4389 e-con-full e-flex e-con e-child\" data-id=\"73f4389\" data-element_type=\"container\" data-e-type=\"container\">\n\t\t\t\t<div class=\"elementor-element elementor-element-77b5092 elementor-widget elementor-widget-eael-adv-tabs\" data-id=\"77b5092\" data-element_type=\"widget\" data-e-type=\"widget\" data-widget_type=\"eael-adv-tabs.default\">\n\t\t\t\t<div class=\"elementor-widget-container\">\n\t\t\t\t\t        <div data-scroll-on-click=\"no\" data-scroll-speed=\"300\" id=\"eael-advance-tabs-77b5092\" class=\"eael-advance-tabs eael-tabs-vertical eael-tab-auto-active \" data-tabid=\"77b5092\">\n            <div class=\"eael-tabs-nav \">\n                <ul class=\"eael-tab-inline-icon\" role=\"tablist\">\n                                            <li id=\"etat-civil\" class=\"inactive eael-tab-item-trigger eael-tab-nav-item\" aria-selected=\"true\" data-tab=\"1\" role=\"tab\" tabindex=\"0\" aria-controls=\"etat-civil-tab\" aria-expanded=\"false\">\n                            \n                                                                <svg class=\"e-font-icon-svg e-fas-user\" viewBox=\"0 0 448 512\" xmlns=\"http:\/\/www.w3.org\/2000\/svg\"><path d=\"M224 256c70.7 0 128-57.3 128-128S294.7 0 224 0 96 57.3 96 128s57.3 128 128 128zm89.6 32h-16.7c-22.2 10.2-46.9 16-72.9 16s-50.6-5.8-72.9-16h-16.7C60.2 288 0 348.2 0 422.4V464c0 26.5 21.5 48 48 48h352c26.5 0 48-21.5 48-48v-41.6c0-74.2-60.2-134.4-134.4-134.4z\"><\/path><\/svg>                                                            \n                                                            <span class=\"eael-tab-title title-after-icon\" >Etat civil<\/span>                            \n                                                    <\/li>\n                                            <li id=\"formation\" class=\"inactive eael-tab-item-trigger eael-tab-nav-item\" aria-selected=\"false\" data-tab=\"2\" role=\"tab\" tabindex=\"-1\" aria-controls=\"formation-tab\" aria-expanded=\"false\">\n                            \n                                                                <svg class=\"e-font-icon-svg e-fas-school\" viewBox=\"0 0 640 512\" xmlns=\"http:\/\/www.w3.org\/2000\/svg\"><path d=\"M0 224v272c0 8.84 7.16 16 16 16h80V192H32c-17.67 0-32 14.33-32 32zm360-48h-24v-40c0-4.42-3.58-8-8-8h-16c-4.42 0-8 3.58-8 8v64c0 4.42 3.58 8 8 8h48c4.42 0 8-3.58 8-8v-16c0-4.42-3.58-8-8-8zm137.75-63.96l-160-106.67a32.02 32.02 0 0 0-35.5 0l-160 106.67A32.002 32.002 0 0 0 128 138.66V512h128V368c0-8.84 7.16-16 16-16h96c8.84 0 16 7.16 16 16v144h128V138.67c0-10.7-5.35-20.7-14.25-26.63zM320 256c-44.18 0-80-35.82-80-80s35.82-80 80-80 80 35.82 80 80-35.82 80-80 80zm288-64h-64v320h80c8.84 0 16-7.16 16-16V224c0-17.67-14.33-32-32-32z\"><\/path><\/svg>                                                            \n                                                            <span class=\"eael-tab-title title-after-icon\" >Formation<\/span>                            \n                                                    <\/li>\n                                            <li id=\"exprience\" class=\"inactive eael-tab-item-trigger eael-tab-nav-item\" aria-selected=\"false\" data-tab=\"3\" role=\"tab\" tabindex=\"-1\" aria-controls=\"exprience-tab\" aria-expanded=\"false\">\n                            \n                                                                <svg class=\"e-font-icon-svg e-fas-chart-line\" viewBox=\"0 0 512 512\" xmlns=\"http:\/\/www.w3.org\/2000\/svg\"><path d=\"M496 384H64V80c0-8.84-7.16-16-16-16H16C7.16 64 0 71.16 0 80v336c0 17.67 14.33 32 32 32h464c8.84 0 16-7.16 16-16v-32c0-8.84-7.16-16-16-16zM464 96H345.94c-21.38 0-32.09 25.85-16.97 40.97l32.4 32.4L288 242.75l-73.37-73.37c-12.5-12.5-32.76-12.5-45.25 0l-68.69 68.69c-6.25 6.25-6.25 16.38 0 22.63l22.62 22.62c6.25 6.25 16.38 6.25 22.63 0L192 237.25l73.37 73.37c12.5 12.5 32.76 12.5 45.25 0l96-96 32.4 32.4c15.12 15.12 40.97 4.41 40.97-16.97V112c.01-8.84-7.15-16-15.99-16z\"><\/path><\/svg>                                                            \n                                                            <span class=\"eael-tab-title title-after-icon\" >Exp\u00e9rience<\/span>                            \n                                                    <\/li>\n                    \n                                  <\/ul>\n            <\/div>\n            \n            <div class=\"eael-tabs-content\">\n\t\t        \n                    <div id=\"etat-civil-tab\" class=\"clearfix eael-tab-content-item inactive\" data-title-link=\"etat-civil-tab\">\n\t\t\t\t        <p>Lorem ipsum dolor sit amet, consectetur adipisicing elit. Optio, neque qui velit. Magni dolorum quidem ipsam eligendi, totam, facilis laudantium cum accusamus ullam voluptatibus commodi numquam, error, est. Ea, consequatur.<\/p><p>Lorem ipsum dolor sit amet, consectetur adipisicing elit. Optio, neque qui velit. Magni dolorum quidem ipsam eligendi, totam, facilis laudantium cum accusamus ullam voluptatibus commodi numquam, error, est. Ea, consequatur.<\/p>                    <\/div>\n\t\t        \n                    <div id=\"formation-tab\" class=\"clearfix eael-tab-content-item inactive\" data-title-link=\"formation-tab\">\n\t\t\t\t        <p>Lorem ipsum dolor sit amet, consectetur adipisicing elit. Optio, neque qui velit. Magni dolorum quidem ipsam eligendi, totam, facilis laudantium cum accusamus ullam voluptatibus commodi numquam, error, est. Ea, consequatur.<\/p><p>Lorem ipsum dolor sit amet, consectetur adipisicing elit. Optio, neque qui velit. Magni dolorum quidem ipsam eligendi, totam, facilis laudantium cum accusamus ullam voluptatibus commodi numquam, error, est. Ea, consequatur.<\/p><p>\u00a0<\/p>                    <\/div>\n\t\t        \n                    <div id=\"exprience-tab\" class=\"clearfix eael-tab-content-item inactive\" data-title-link=\"exprience-tab\">\n\t\t\t\t        <p>Lorem ipsum dolor sit amet, consectetur adipisicing elit. Optio, neque qui velit. Magni dolorum quidem ipsam eligendi, totam, facilis laudantium cum accusamus ullam voluptatibus commodi numquam, error, est. Ea, consequatur.<\/p><p>Lorem ipsum dolor sit amet, consectetur adipisicing elit. Optio, neque qui velit. Magni dolorum quidem ipsam eligendi, totam, facilis laudantium cum accusamus ullam voluptatibus commodi numquam, error, est. Ea, consequatur.<\/p>                    <\/div>\n\t\t                    <\/div>\n        <\/div>\n\t\t\t\t<\/div>\n\t\t\t\t<\/div>\n\t\t\t\t<\/div>\n\t\t\t\t\t<\/div>\n\t\t\t\t<\/div>\n\t\t\t\t<\/div>\n\t\t","protected":false},"excerpt":{"rendered":"<p>SEM Sylvain Yamtiguimda YAMEOGO Ambassadeur, Repr\u00e9sentant Permanent Adjoint, Charg\u00e9 d\u2019Affaires assurant l\u2019int\u00e9rim Monsieur Sylvain Yamtiguimda YAMEOGO est diplomate de carri\u00e8re et Ambassadeur, Repr\u00e9sentant Permanent Adjoint, Charg\u00e9 d\u2019Affaires a.i de l\u2019Ambassade du Burkina Faso en R\u00e9publique F\u00e9d\u00e9rale D\u00e9mocratique d\u2019Ethiopie, Mission Permanente aupr\u00e8s de l\u2019Union Africaine (UA) et de la Commission Economique des Nations Unies pour l\u2019Afrique [&hellip;]<\/p>\n","protected":false},"author":4,"featured_media":0,"parent":0,"menu_order":0,"comment_status":"closed","ping_status":"closed","template":"elementor_header_footer","meta":{"_acf_changed":false,"_monsterinsights_skip_tracking":false,"_monsterinsights_sitenote_active":false,"_monsterinsights_sitenote_note":"","_monsterinsights_sitenote_category":0,"footnotes":""},"class_list":["post-4160","page","type-page","status-publish","hentry"],"acf":[],"_links":{"self":[{"href":"https:\/\/ethiopie.diplomatie.gov.bf\/index.php\/wp-json\/wp\/v2\/pages\/4160","targetHints":{"allow":["GET"]}}],"collection":[{"href":"https:\/\/ethiopie.diplomatie.gov.bf\/index.php\/wp-json\/wp\/v2\/pages"}],"about":[{"href":"https:\/\/ethiopie.diplomatie.gov.bf\/index.php\/wp-json\/wp\/v2\/types\/page"}],"author":[{"embeddable":true,"href":"https:\/\/ethiopie.diplomatie.gov.bf\/index.php\/wp-json\/wp\/v2\/users\/4"}],"replies":[{"embeddable":true,"href":"https:\/\/ethiopie.diplomatie.gov.bf\/index.php\/wp-json\/wp\/v2\/comments?post=4160"}],"version-history":[{"count":184,"href":"https:\/\/ethiopie.diplomatie.gov.bf\/index.php\/wp-json\/wp\/v2\/pages\/4160\/revisions"}],"predecessor-version":[{"id":5035,"href":"https:\/\/ethiopie.diplomatie.gov.bf\/index.php\/wp-json\/wp\/v2\/pages\/4160\/revisions\/5035"}],"wp:attachment":[{"href":"https:\/\/ethiopie.diplomatie.gov.bf\/index.php\/wp-json\/wp\/v2\/media?parent=4160"}],"curies":[{"name":"wp","href":"https:\/\/api.w.org\/{rel}","templated":true}]}}