{"id":3980,"date":"2024-06-27T11:37:08","date_gmt":"2024-06-27T09:37:08","guid":{"rendered":"https:\/\/ethiopie.diplomatie.gov.bf\/?page_id=3980"},"modified":"2024-09-04T15:42:13","modified_gmt":"2024-09-04T13:42:13","slug":"le-personnel","status":"publish","type":"page","link":"https:\/\/ethiopie.diplomatie.gov.bf\/index.php\/le-personnel\/","title":{"rendered":"Le personnel"},"content":{"rendered":"\t\t<div data-elementor-type=\"wp-page\" data-elementor-id=\"3980\" class=\"elementor elementor-3980\" data-elementor-post-type=\"page\">\n\t\t\t\t<div data-particle_enable=\"false\" data-particle-mobile-disabled=\"false\" class=\"elementor-element elementor-element-4eb88673 e-flex e-con-boxed elementor-invisible e-con e-parent\" data-id=\"4eb88673\" data-element_type=\"container\" data-e-type=\"container\" data-settings=\"{&quot;background_background&quot;:&quot;classic&quot;,&quot;animation&quot;:&quot;slideInLeft&quot;}\">\n\t\t\t\t\t<div class=\"e-con-inner\">\n\t\t<div data-particle_enable=\"false\" data-particle-mobile-disabled=\"false\" class=\"elementor-element elementor-element-7884ee44 e-con-full e-flex elementor-invisible e-con e-child\" data-id=\"7884ee44\" data-element_type=\"container\" data-e-type=\"container\" data-settings=\"{&quot;animation&quot;:&quot;fadeInLeft&quot;}\">\n\t\t\t\t<div class=\"elementor-element elementor-element-493a66f elementor-widget elementor-widget-tg-team\" data-id=\"493a66f\" data-element_type=\"widget\" data-e-type=\"widget\" data-widget_type=\"tg-team.default\">\n\t\t\t\t<div class=\"elementor-widget-container\">\n\t\t\t\t\t\r\n\r\n\r\n        \r\n            <div class=\"row justify-content-center gutter-24\">\r\n                                    <div class=\"col-lg-3 col-md-6 col-sm-8\">\r\n                        <div class=\"team__item-two shine-animate-item\">\r\n                                                            <div class=\"team__thumb-two shine-animate\">\r\n                                    <img decoding=\"async\" src=\"https:\/\/ethiopie.diplomatie.gov.bf\/wp-content\/uploads\/sites\/5\/2024\/08\/PHCD761.jpg\" alt=\"\">\r\n                                <\/div>\r\n                                                        <div class=\"team__content-two\">\r\n                                <h4 class=\"title\"><a href=\"#\">Sylvain Yamtiguimda YAMEOGO<\/a><\/h4>\r\n                                                                    <span>Ambassadeur, Repr\u00e9sentant Permanent Adjoint, Charg\u00e9 d\u2019Affaires a.i. <\/span>\r\n                                                                                            <\/div>\r\n                        <\/div>\r\n                    <\/div>\r\n                                    <div class=\"col-lg-3 col-md-6 col-sm-8\">\r\n                        <div class=\"team__item-two shine-animate-item\">\r\n                                                            <div class=\"team__thumb-two shine-animate\">\r\n                                    <img decoding=\"async\" src=\"https:\/\/ethiopie.diplomatie.gov.bf\/wp-content\/uploads\/sites\/5\/2024\/08\/PHOTO_1.jpe\" alt=\"\">\r\n                                <\/div>\r\n                                                        <div class=\"team__content-two\">\r\n                                <h4 class=\"title\"><a href=\"#\">IDOGO Karim Ou\u00e9pia<\/a><\/h4>\r\n                                                                    <span>Ministre Conseiller<\/span>\r\n                                                                                            <\/div>\r\n                        <\/div>\r\n                    <\/div>\r\n                                    <div class=\"col-lg-3 col-md-6 col-sm-8\">\r\n                        <div class=\"team__item-two shine-animate-item\">\r\n                                                            <div class=\"team__thumb-two shine-animate\">\r\n                                    <img decoding=\"async\" src=\"https:\/\/ethiopie.diplomatie.gov.bf\/wp-content\/uploads\/sites\/5\/2024\/08\/PHD0C31.jpg\" alt=\"\">\r\n                                <\/div>\r\n                                                        <div class=\"team__content-two\">\r\n                                <h4 class=\"title\"><a href=\"#\">Gilles BATIONO<\/a><\/h4>\r\n                                                                    <span>Attach\u00e9 de D\u00e9fense<\/span>\r\n                                                                                            <\/div>\r\n                        <\/div>\r\n                    <\/div>\r\n                                    <div class=\"col-lg-3 col-md-6 col-sm-8\">\r\n                        <div class=\"team__item-two shine-animate-item\">\r\n                                                            <div class=\"team__thumb-two shine-animate\">\r\n                                    <img decoding=\"async\" src=\"https:\/\/ethiopie.diplomatie.gov.bf\/wp-content\/uploads\/sites\/5\/2024\/08\/PH45251.jpg\" alt=\"\">\r\n                                <\/div>\r\n                                                        <div class=\"team__content-two\">\r\n                                <h4 class=\"title\"><a href=\"#\">Albert DJIGUEMDE<\/a><\/h4>\r\n                                                                    <span>Premier Conseiller<\/span>\r\n                                                                                            <\/div>\r\n                        <\/div>\r\n                    <\/div>\r\n                                    <div class=\"col-lg-3 col-md-6 col-sm-8\">\r\n                        <div class=\"team__item-two shine-animate-item\">\r\n                                                            <div class=\"team__thumb-two shine-animate\">\r\n                                    <img decoding=\"async\" src=\"https:\/\/ethiopie.diplomatie.gov.bf\/wp-content\/uploads\/sites\/5\/2024\/08\/PHOTO_3.jpg\" alt=\"\">\r\n                                <\/div>\r\n                                                        <div class=\"team__content-two\">\r\n                                <h4 class=\"title\"><a href=\"#\">Balebyan Bruno TIGNEGRE<\/a><\/h4>\r\n                                                                    <span>Deuxi\u00e8me Conseiller<\/span>\r\n                                                                                            <\/div>\r\n                        <\/div>\r\n                    <\/div>\r\n                                    <div class=\"col-lg-3 col-md-6 col-sm-8\">\r\n                        <div class=\"team__item-two shine-animate-item\">\r\n                                                            <div class=\"team__thumb-two shine-animate\">\r\n                                    <img decoding=\"async\" src=\"https:\/\/ethiopie.diplomatie.gov.bf\/wp-content\/uploads\/sites\/5\/2024\/08\/PH05B21.jpg\" alt=\"\">\r\n                                <\/div>\r\n                                                        <div class=\"team__content-two\">\r\n                                <h4 class=\"title\"><a href=\"#\">Bernard Tinbgouwaga TAGO<\/a><\/h4>\r\n                                                                    <span>Deuxi\u00e8me Conseiller<\/span>\r\n                                                                                            <\/div>\r\n                        <\/div>\r\n                    <\/div>\r\n                                    <div class=\"col-lg-3 col-md-6 col-sm-8\">\r\n                        <div class=\"team__item-two shine-animate-item\">\r\n                                                            <div class=\"team__thumb-two shine-animate\">\r\n                                    <img decoding=\"async\" src=\"https:\/\/ethiopie.diplomatie.gov.bf\/wp-content\/uploads\/sites\/5\/2024\/08\/PHOTO_2.jpg\" alt=\"\">\r\n                                <\/div>\r\n                                                        <div class=\"team__content-two\">\r\n                                <h4 class=\"title\"><a href=\"#\">Aminata KABORE<\/a><\/h4>\r\n                                                                    <span>Deuxi\u00e8me Secr\u00e9taire<\/span>\r\n                                                                                            <\/div>\r\n                        <\/div>\r\n                    <\/div>\r\n                                    <div class=\"col-lg-3 col-md-6 col-sm-8\">\r\n                        <div class=\"team__item-two shine-animate-item\">\r\n                                                            <div class=\"team__thumb-two shine-animate\">\r\n                                    <img decoding=\"async\" src=\"https:\/\/ethiopie.diplomatie.gov.bf\/wp-content\/uploads\/sites\/5\/2024\/08\/PHOTO_4.jpg\" alt=\"\">\r\n                                <\/div>\r\n                                                        <div class=\"team__content-two\">\r\n                                <h4 class=\"title\"><a href=\"#\">Rodrigue KIEMA<\/a><\/h4>\r\n                                                                    <span>Deuxi\u00e8me Secr\u00e9taire<\/span>\r\n                                                                                            <\/div>\r\n                        <\/div>\r\n                    <\/div>\r\n                                    <div class=\"col-lg-3 col-md-6 col-sm-8\">\r\n                        <div class=\"team__item-two shine-animate-item\">\r\n                                                            <div class=\"team__thumb-two shine-animate\">\r\n                                    <img decoding=\"async\" src=\"https:\/\/ethiopie.diplomatie.gov.bf\/wp-content\/uploads\/sites\/5\/2024\/08\/PHA4D11.jpg\" alt=\"\">\r\n                                <\/div>\r\n                                                        <div class=\"team__content-two\">\r\n                                <h4 class=\"title\"><a href=\"#\">Bako BAYALA<\/a><\/h4>\r\n                                                                    <span>Tr\u00e9sorier<\/span>\r\n                                                                                            <\/div>\r\n                        <\/div>\r\n                    <\/div>\r\n                                    <div class=\"col-lg-3 col-md-6 col-sm-8\">\r\n                        <div class=\"team__item-two shine-animate-item\">\r\n                                                            <div class=\"team__thumb-two shine-animate\">\r\n                                    <img decoding=\"async\" src=\"https:\/\/ethiopie.diplomatie.gov.bf\/wp-content\/uploads\/sites\/5\/2024\/08\/PHOTO_1-1.jpg\" alt=\"\">\r\n                                <\/div>\r\n                                                        <div class=\"team__content-two\">\r\n                                <h4 class=\"title\"><a href=\"#\">Amadou DICKO<\/a><\/h4>\r\n                                                                    <span>Attach\u00e9 de Presse<\/span>\r\n                                                                                            <\/div>\r\n                        <\/div>\r\n                    <\/div>\r\n                                    <div class=\"col-lg-3 col-md-6 col-sm-8\">\r\n                        <div class=\"team__item-two shine-animate-item\">\r\n                                                            <div class=\"team__thumb-two shine-animate\">\r\n                                    <img decoding=\"async\" src=\"https:\/\/ethiopie.diplomatie.gov.bf\/wp-content\/uploads\/sites\/5\/2024\/08\/PH5C691.jpg\" alt=\"\">\r\n                                <\/div>\r\n                                                        <div class=\"team__content-two\">\r\n                                <h4 class=\"title\"><a href=\"#\">Suzanne DJIGUEMDE\/SAVADOGO<\/a><\/h4>\r\n                                                                    <span>Attach\u00e9e<\/span>\r\n                                                                                            <\/div>\r\n                        <\/div>\r\n                    <\/div>\r\n                            <\/div>\r\n\r\n        \r\n\t\t\t\t<\/div>\n\t\t\t\t<\/div>\n\t\t\t\t<\/div>\n\t\t\t\t\t<\/div>\n\t\t\t\t<\/div>\n\t\t\t\t<\/div>\n\t\t","protected":false},"excerpt":{"rendered":"<p>Sylvain Yamtiguimda YAMEOGO Ambassadeur, Repr\u00e9sentant Permanent Adjoint, Charg\u00e9 d\u2019Affaires a.i. IDOGO Karim Ou\u00e9pia Ministre Conseiller Gilles BATIONO Attach\u00e9 de D\u00e9fense Albert DJIGUEMDE Premier Conseiller Balebyan Bruno TIGNEGRE Deuxi\u00e8me Conseiller Bernard Tinbgouwaga TAGO Deuxi\u00e8me Conseiller Aminata KABORE Deuxi\u00e8me Secr\u00e9taire Rodrigue KIEMA Deuxi\u00e8me Secr\u00e9taire Bako BAYALA Tr\u00e9sorier Amadou DICKO Attach\u00e9 de Presse Suzanne DJIGUEMDE\/SAVADOGO Attach\u00e9e<\/p>\n","protected":false},"author":4,"featured_media":0,"parent":0,"menu_order":0,"comment_status":"closed","ping_status":"closed","template":"elementor_header_footer","meta":{"_acf_changed":false,"_monsterinsights_skip_tracking":false,"_monsterinsights_sitenote_active":false,"_monsterinsights_sitenote_note":"","_monsterinsights_sitenote_category":0,"footnotes":""},"class_list":["post-3980","page","type-page","status-publish","hentry"],"acf":[],"_links":{"self":[{"href":"https:\/\/ethiopie.diplomatie.gov.bf\/index.php\/wp-json\/wp\/v2\/pages\/3980","targetHints":{"allow":["GET"]}}],"collection":[{"href":"https:\/\/ethiopie.diplomatie.gov.bf\/index.php\/wp-json\/wp\/v2\/pages"}],"about":[{"href":"https:\/\/ethiopie.diplomatie.gov.bf\/index.php\/wp-json\/wp\/v2\/types\/page"}],"author":[{"embeddable":true,"href":"https:\/\/ethiopie.diplomatie.gov.bf\/index.php\/wp-json\/wp\/v2\/users\/4"}],"replies":[{"embeddable":true,"href":"https:\/\/ethiopie.diplomatie.gov.bf\/index.php\/wp-json\/wp\/v2\/comments?post=3980"}],"version-history":[{"count":81,"href":"https:\/\/ethiopie.diplomatie.gov.bf\/index.php\/wp-json\/wp\/v2\/pages\/3980\/revisions"}],"predecessor-version":[{"id":4956,"href":"https:\/\/ethiopie.diplomatie.gov.bf\/index.php\/wp-json\/wp\/v2\/pages\/3980\/revisions\/4956"}],"wp:attachment":[{"href":"https:\/\/ethiopie.diplomatie.gov.bf\/index.php\/wp-json\/wp\/v2\/media?parent=3980"}],"curies":[{"name":"wp","href":"https:\/\/api.w.org\/{rel}","templated":true}]}}